{"id":1108,"date":"2025-03-03T08:59:25","date_gmt":"2025-03-03T08:59:25","guid":{"rendered":"https:\/\/saulerius.ee\/?page_id=1108"},"modified":"2025-10-02T14:50:24","modified_gmt":"2025-10-02T14:50:24","slug":"teostusanaluusid","status":"publish","type":"page","link":"https:\/\/saulerius.ee\/en\/teostusanaluusid\/","title":{"rendered":"As-built analysis"},"content":{"rendered":"<div data-elementor-type=\"wp-page\" data-elementor-id=\"1108\" class=\"elementor elementor-1108\">\n\t\t\t\t<div class=\"elementor-element elementor-element-14caf0f e-con-full e-flex e-con e-parent\" data-id=\"14caf0f\" data-element_type=\"container\" data-e-type=\"container\" data-settings=\"{&quot;background_background&quot;:&quot;classic&quot;}\">\n\t\t\t\t<div class=\"elementor-element elementor-element-7274b92b elementor-widget elementor-widget-spacer\" data-id=\"7274b92b\" data-element_type=\"widget\" data-e-type=\"widget\" data-widget_type=\"spacer.default\">\n\t\t\t\t<div class=\"elementor-widget-container\">\n\t\t\t\t\t\t\t<div class=\"elementor-spacer\">\n\t\t\t<div class=\"elementor-spacer-inner\"><\/div>\n\t\t<\/div>\n\t\t\t\t\t\t<\/div>\n\t\t\t\t<\/div>\n\t\t\t\t<div class=\"elementor-element elementor-element-5cb8555d elementor-widget elementor-widget-heading\" data-id=\"5cb8555d\" data-element_type=\"widget\" data-e-type=\"widget\" data-widget_type=\"heading.default\">\n\t\t\t\t<div class=\"elementor-widget-container\">\n\t\t\t\t\t<h2 class=\"elementor-heading-title elementor-size-default\">AS-BUILT ANALYSIS<\/h2>\t\t\t\t<\/div>\n\t\t\t\t<\/div>\n\t\t\t\t<\/div>\n\t\t<div class=\"elementor-element elementor-element-1870c38 e-flex e-con-boxed e-con e-parent\" data-id=\"1870c38\" data-element_type=\"container\" data-e-type=\"container\">\n\t\t\t\t\t<div class=\"e-con-inner\">\n\t\t\t\t<div class=\"elementor-element elementor-element-1b15c85e elementor-widget-divider--view-line_icon elementor-view-default elementor-widget-divider--element-align-center elementor-widget elementor-widget-divider\" data-id=\"1b15c85e\" data-element_type=\"widget\" data-e-type=\"widget\" data-widget_type=\"divider.default\">\n\t\t\t\t<div class=\"elementor-widget-container\">\n\t\t\t\t\t\t\t<div class=\"elementor-divider\">\n\t\t\t<span class=\"elementor-divider-separator\">\n\t\t\t\t\t\t\t<div class=\"elementor-icon elementor-divider__element\">\n\t\t\t\t\t<svg aria-hidden=\"true\" class=\"e-font-icon-svg e-far-caret-square-down\" viewbox=\"0 0 448 512\" xmlns=\"http:\/\/www.w3.org\/2000\/svg\"><path d=\"M125.1 208h197.8c10.7 0 16.1 13 8.5 20.5l-98.9 98.3c-4.7 4.7-12.2 4.7-16.9 0l-98.9-98.3c-7.7-7.5-2.3-20.5 8.4-20.5zM448 80v352c0 26.5-21.5 48-48 48H48c-26.5 0-48-21.5-48-48V80c0-26.5 21.5-48 48-48h352c26.5 0 48 21.5 48 48zm-48 346V86c0-3.3-2.7-6-6-6H54c-3.3 0-6 2.7-6 6v340c0 3.3 2.7 6 6 6h340c3.3 0 6-2.7 6-6z\"><\/path><\/svg><\/div>\n\t\t\t\t\t\t<\/span>\n\t\t<\/div>\n\t\t\t\t\t\t<\/div>\n\t\t\t\t<\/div>\n\t\t\t\t\t<\/div>\n\t\t\t\t<\/div>\n\t\t<div class=\"elementor-element elementor-element-33de5375 e-grid e-con-boxed e-con e-parent\" data-id=\"33de5375\" data-element_type=\"container\" data-e-type=\"container\">\n\t\t\t\t\t<div class=\"e-con-inner\">\n\t\t\t\t<div class=\"elementor-element elementor-element-146c9111 elementor-widget elementor-widget-text-editor\" data-id=\"146c9111\" data-element_type=\"widget\" data-e-type=\"widget\" data-widget_type=\"text-editor.default\">\n\t\t\t\t<div class=\"elementor-widget-container\">\n\t\t\t\t\t\t\t\t\t<h3><strong>As-built analysis<\/strong><\/h3><p>Laser scanning allows you to collect data from objects and, in post-processing, assess their compliance with the project. Measurements allow you to detect even minor deviations, both on horizontal and vertical surfaces. The results can be presented in both 2D and 3D formats, making it easy to monitor and evaluate differences. As-built analyses are useful for ensuring the quality of construction activities, analyzing deformations, and preventing construction errors.<\/p>\t\t\t\t\t\t\t\t<\/div>\n\t\t\t\t<\/div>\n\t\t\t\t<div class=\"elementor-element elementor-element-95effa1 elementor-hidden-mobile elementor-widget elementor-widget-image\" data-id=\"95effa1\" data-element_type=\"widget\" data-e-type=\"widget\" data-widget_type=\"image.default\">\n\t\t\t\t<div class=\"elementor-widget-container\">\n\t\t\t\t\t\t\t\t\t\t\t\t\t\t\t<img fetchpriority=\"high\" decoding=\"async\" width=\"500\" height=\"500\" src=\"https:\/\/saulerius.ee\/wp-content\/uploads\/2025\/10\/teostusanaluus_ehitus.webp\" class=\"attachment-full size-full wp-image-2552\" alt=\"Laserskaneerimise abil on v\u00f5imalik koguda andmeid tegelikest objektidest ning j\u00e4relt\u00f6\u00f6tlemisel hinnata nende vastavust projektile. M\u00f5\u00f5tmised v\u00f5imaldavad avastada isegi v\u00e4iksemaid k\u00f5rvalekaldeid ja seda nii horisontaalsete kui vertikaalsete pindade puhul. Tulemeid saab esitleda nii 2D kui ka 3D formaatides, et oleks lihtne erinevusi j\u00e4lgida ja hinnata. Teostusanal\u00fc\u00fcsid on kasulikud n\u00e4iteks ehitustegevuse kvaliteedi tagamiseks, deformatsiooni anal\u00fc\u00fcsimiseks ja ehitusvigade v\u00e4ltimiseks.\" srcset=\"https:\/\/saulerius.ee\/wp-content\/uploads\/2025\/10\/teostusanaluus_ehitus.webp 500w, https:\/\/saulerius.ee\/wp-content\/uploads\/2025\/10\/teostusanaluus_ehitus-300x300.webp 300w, https:\/\/saulerius.ee\/wp-content\/uploads\/2025\/10\/teostusanaluus_ehitus-150x150.webp 150w, https:\/\/saulerius.ee\/wp-content\/uploads\/2025\/10\/teostusanaluus_ehitus-12x12.webp 12w\" sizes=\"(max-width: 500px) 100vw, 500px\" \/>\t\t\t\t\t\t\t\t\t\t\t\t\t\t\t<\/div>\n\t\t\t\t<\/div>\n\t\t\t\t\t<\/div>\n\t\t\t\t<\/div>\n\t\t<div class=\"elementor-element elementor-element-2621ebea e-flex e-con-boxed e-con e-parent\" data-id=\"2621ebea\" data-element_type=\"container\" data-e-type=\"container\">\n\t\t\t\t\t<div class=\"e-con-inner\">\n\t\t\t\t<div class=\"elementor-element elementor-element-7f37822 elementor-widget elementor-widget-spacer\" data-id=\"7f37822\" data-element_type=\"widget\" data-e-type=\"widget\" data-widget_type=\"spacer.default\">\n\t\t\t\t<div class=\"elementor-widget-container\">\n\t\t\t\t\t\t\t<div class=\"elementor-spacer\">\n\t\t\t<div class=\"elementor-spacer-inner\"><\/div>\n\t\t<\/div>\n\t\t\t\t\t\t<\/div>\n\t\t\t\t<\/div>\n\t\t\t\t\t<\/div>\n\t\t\t\t<\/div>\n\t\t<div class=\"elementor-element elementor-element-39c31c5e e-grid e-con-boxed e-con e-parent\" data-id=\"39c31c5e\" data-element_type=\"container\" data-e-type=\"container\">\n\t\t\t\t\t<div class=\"e-con-inner\">\n\t\t\t\t<div class=\"elementor-element elementor-element-2f28d30 elementor-hidden-mobile elementor-widget elementor-widget-image\" data-id=\"2f28d30\" data-element_type=\"widget\" data-e-type=\"widget\" data-widget_type=\"image.default\">\n\t\t\t\t<div class=\"elementor-widget-container\">\n\t\t\t\t\t\t\t\t\t\t\t\t\t\t\t<img decoding=\"async\" width=\"500\" height=\"500\" src=\"https:\/\/saulerius.ee\/wp-content\/uploads\/2025\/10\/konstruktsioonid.webp\" class=\"attachment-full size-full wp-image-2553\" alt=\"T\u00f6\u00f6deldud laserskaneerimise andmete (punktipilved) p\u00f5hjal on v\u00f5imalik kontrollida konstruktsioonide kuju ja m\u00f5\u00f5tmeid v\u00f5i hinnata, kas olemasolev hoone v\u00f5i konstruktsioon vajab t\u00e4iendavat tugevdust v\u00f5i renoveerimist. Erinevate m\u00f5\u00f5tude ja kuju anal\u00fc\u00fcs aitab tuvastada v\u00f5imalikke puudusi, mis v\u00f5ivad m\u00f5jutada hoone stabiilsust ja turvalisust.\" srcset=\"https:\/\/saulerius.ee\/wp-content\/uploads\/2025\/10\/konstruktsioonid.webp 500w, https:\/\/saulerius.ee\/wp-content\/uploads\/2025\/10\/konstruktsioonid-300x300.webp 300w, https:\/\/saulerius.ee\/wp-content\/uploads\/2025\/10\/konstruktsioonid-150x150.webp 150w, https:\/\/saulerius.ee\/wp-content\/uploads\/2025\/10\/konstruktsioonid-12x12.webp 12w\" sizes=\"(max-width: 500px) 100vw, 500px\" \/>\t\t\t\t\t\t\t\t\t\t\t\t\t\t\t<\/div>\n\t\t\t\t<\/div>\n\t\t\t\t<div class=\"elementor-element elementor-element-6c0196ef elementor-widget elementor-widget-text-editor\" data-id=\"6c0196ef\" data-element_type=\"widget\" data-e-type=\"widget\" data-widget_type=\"text-editor.default\">\n\t\t\t\t<div class=\"elementor-widget-container\">\n\t\t\t\t\t\t\t\t\t<h3><strong>Analysis of the dimensions and shape of structures<\/strong><\/h3><p>Based on the processed laser scanning data (point clouds), it is possible to check the shape and dimensions of structures or assess whether an existing building or structure needs additional reinforcement or renovation. The analysis of different dimensions and shapes helps to identify possible deficiencies that may affect the stability and safety of the building.<\/p>\t\t\t\t\t\t\t\t<\/div>\n\t\t\t\t<\/div>\n\t\t\t\t\t<\/div>\n\t\t\t\t<\/div>\n\t\t<div class=\"elementor-element elementor-element-19eada44 e-flex e-con-boxed e-con e-parent\" data-id=\"19eada44\" data-element_type=\"container\" data-e-type=\"container\">\n\t\t\t\t\t<div class=\"e-con-inner\">\n\t\t\t\t<div class=\"elementor-element elementor-element-174232a elementor-widget elementor-widget-spacer\" data-id=\"174232a\" data-element_type=\"widget\" data-e-type=\"widget\" data-widget_type=\"spacer.default\">\n\t\t\t\t<div class=\"elementor-widget-container\">\n\t\t\t\t\t\t\t<div class=\"elementor-spacer\">\n\t\t\t<div class=\"elementor-spacer-inner\"><\/div>\n\t\t<\/div>\n\t\t\t\t\t\t<\/div>\n\t\t\t\t<\/div>\n\t\t\t\t\t<\/div>\n\t\t\t\t<\/div>\n\t\t<div class=\"elementor-element elementor-element-fc9ef33 e-grid e-con-boxed e-con e-parent\" data-id=\"fc9ef33\" data-element_type=\"container\" data-e-type=\"container\">\n\t\t\t\t\t<div class=\"e-con-inner\">\n\t\t\t\t<div class=\"elementor-element elementor-element-325bec65 elementor-widget elementor-widget-text-editor\" data-id=\"325bec65\" data-element_type=\"widget\" data-e-type=\"widget\" data-widget_type=\"text-editor.default\">\n\t\t\t\t<div class=\"elementor-widget-container\">\n\t\t\t\t\t\t\t\t\t<h3><strong>Height and slope analyses<\/strong><\/h3>\n<p>As-built analyses also allow for the accurate determination of slopes and heights. Such analysis is important to ensure, for example, that the slopes of floors, roads, or roofs comply with the design. Height mapping a<em>ls<\/em>o helps to map the elevation values \u200b\u200bof the surveyed surfaces, as well as the flatness and levelness indicators. This can prevent later problems related to water accumulation or errors in the construction of the drainage system.<\/p>\t\t\t\t\t\t\t\t<\/div>\n\t\t\t\t<\/div>\n\t\t\t\t<div class=\"elementor-element elementor-element-4a48fd5b elementor-hidden-mobile elementor-widget elementor-widget-image\" data-id=\"4a48fd5b\" data-element_type=\"widget\" data-e-type=\"widget\" data-widget_type=\"image.default\">\n\t\t\t\t<div class=\"elementor-widget-container\">\n\t\t\t\t\t\t\t\t\t\t\t\t\t\t\t<img decoding=\"async\" width=\"500\" height=\"500\" src=\"https:\/\/saulerius.ee\/wp-content\/uploads\/2025\/10\/korgused_kalded.webp\" class=\"attachment-full size-full wp-image-2555\" alt=\"Teostusanal\u00fc\u00fcsid v\u00f5imaldavad ka kallete ja k\u00f5rguste t\u00e4pset m\u00e4\u00e4ramist. Selline anal\u00fc\u00fcs on oluline tagamaks n\u00e4iteks p\u00f5randate, teede v\u00f5i katuste kalde vastavus projektile. K\u00f5rgusanal\u00fc\u00fcs (height mapping) aitab kaardistada m\u00f5\u00f5distatud pindade k\u00f5rguslikud v\u00e4\u00e4rtused ning lisaks ka tasasuse ja horisontaalsuse (flatness\/levelness) n\u00e4itajad. Seel\u00e4bi saab v\u00e4ltida hilisemate probleemide tekkimist, mis on seotud n\u00e4iteks vee kogunemise v\u00f5i vigadega drenaa\u017eis\u00fcsteemi ehituses.\" srcset=\"https:\/\/saulerius.ee\/wp-content\/uploads\/2025\/10\/korgused_kalded.webp 500w, https:\/\/saulerius.ee\/wp-content\/uploads\/2025\/10\/korgused_kalded-300x300.webp 300w, https:\/\/saulerius.ee\/wp-content\/uploads\/2025\/10\/korgused_kalded-150x150.webp 150w, https:\/\/saulerius.ee\/wp-content\/uploads\/2025\/10\/korgused_kalded-12x12.webp 12w\" sizes=\"(max-width: 500px) 100vw, 500px\" \/>\t\t\t\t\t\t\t\t\t\t\t\t\t\t\t<\/div>\n\t\t\t\t<\/div>\n\t\t\t\t\t<\/div>\n\t\t\t\t<\/div>\n\t\t<div class=\"elementor-element elementor-element-300a018a e-flex e-con-boxed e-con e-parent\" data-id=\"300a018a\" data-element_type=\"container\" data-e-type=\"container\">\n\t\t\t\t\t<div class=\"e-con-inner\">\n\t\t\t\t<div class=\"elementor-element elementor-element-6f56edbd elementor-widget elementor-widget-spacer\" data-id=\"6f56edbd\" data-element_type=\"widget\" data-e-type=\"widget\" data-widget_type=\"spacer.default\">\n\t\t\t\t<div class=\"elementor-widget-container\">\n\t\t\t\t\t\t\t<div class=\"elementor-spacer\">\n\t\t\t<div class=\"elementor-spacer-inner\"><\/div>\n\t\t<\/div>\n\t\t\t\t\t\t<\/div>\n\t\t\t\t<\/div>\n\t\t\t\t\t<\/div>\n\t\t\t\t<\/div>\n\t\t<div class=\"elementor-element elementor-element-46176efa e-grid e-con-boxed e-con e-parent\" data-id=\"46176efa\" data-element_type=\"container\" data-e-type=\"container\">\n\t\t\t\t\t<div class=\"e-con-inner\">\n\t\t\t\t<div class=\"elementor-element elementor-element-3242b236 elementor-hidden-mobile elementor-widget elementor-widget-image\" data-id=\"3242b236\" data-element_type=\"widget\" data-e-type=\"widget\" data-widget_type=\"image.default\">\n\t\t\t\t<div class=\"elementor-widget-container\">\n\t\t\t\t\t\t\t\t\t\t\t\t\t\t\t<img loading=\"lazy\" decoding=\"async\" width=\"500\" height=\"500\" src=\"https:\/\/saulerius.ee\/wp-content\/uploads\/2025\/10\/korduvmoodistus.webp\" class=\"attachment-full size-full wp-image-2554\" alt=\"Teostusanal\u00fc\u00fcs v\u00f5ib olla ka v\u00e4ga kasulik t\u00f6\u00f6riist ehitust\u00f6\u00f6de edenemise j\u00e4lgimiseks ajas. Erinevatel ajahetkedel kogutud m\u00f5\u00f5distusmaterjale saab v\u00f5rrelda algsete projektiandmete ning varasemate skaneerimistega. See aitab tuvastada v\u00f5imalikke viivitusi v\u00f5i ebat\u00e4psusi t\u00f6\u00f6de teostamises. Ehitust\u00f6\u00f6de ajakava t\u00e4psus ja kvaliteet on olulised, et v\u00e4ltida hilisemaid kulutusi v\u00f5i planeerimisprobleeme.\" srcset=\"https:\/\/saulerius.ee\/wp-content\/uploads\/2025\/10\/korduvmoodistus.webp 500w, https:\/\/saulerius.ee\/wp-content\/uploads\/2025\/10\/korduvmoodistus-300x300.webp 300w, https:\/\/saulerius.ee\/wp-content\/uploads\/2025\/10\/korduvmoodistus-150x150.webp 150w, https:\/\/saulerius.ee\/wp-content\/uploads\/2025\/10\/korduvmoodistus-12x12.webp 12w\" sizes=\"(max-width: 500px) 100vw, 500px\" \/>\t\t\t\t\t\t\t\t\t\t\t\t\t\t\t<\/div>\n\t\t\t\t<\/div>\n\t\t\t\t<div class=\"elementor-element elementor-element-8f476ca elementor-widget elementor-widget-text-editor\" data-id=\"8f476ca\" data-element_type=\"widget\" data-e-type=\"widget\" data-widget_type=\"text-editor.default\">\n\t\t\t\t<div class=\"elementor-widget-container\">\n\t\t\t\t\t\t\t\t\t<h3><strong>Repeated measurements and construction progress analyses<\/strong><\/h3><p>As-built analysis can also be a very useful tool for tracking the progress of construction work over time. Point clouds collected at different times can be compared with the original design data and previous scans. This helps to identify possible delays or inaccuracies in the execution of the work. The accuracy and quality of the construction schedule are important to avoid later cost or scheduling problems.<\/p>\t\t\t\t\t\t\t\t<\/div>\n\t\t\t\t<\/div>\n\t\t\t\t\t<\/div>\n\t\t\t\t<\/div>\n\t\t<div class=\"elementor-element elementor-element-3453620f e-flex e-con-boxed e-con e-parent\" data-id=\"3453620f\" data-element_type=\"container\" data-e-type=\"container\">\n\t\t\t\t\t<div class=\"e-con-inner\">\n\t\t\t\t<div class=\"elementor-element elementor-element-2173b834 elementor-widget-divider--view-line elementor-widget elementor-widget-divider\" data-id=\"2173b834\" data-element_type=\"widget\" data-e-type=\"widget\" data-widget_type=\"divider.default\">\n\t\t\t\t<div class=\"elementor-widget-container\">\n\t\t\t\t\t\t\t<div class=\"elementor-divider\">\n\t\t\t<span class=\"elementor-divider-separator\">\n\t\t\t\t\t\t<\/span>\n\t\t<\/div>\n\t\t\t\t\t\t<\/div>\n\t\t\t\t<\/div>\n\t\t\t\t<div class=\"elementor-element elementor-element-24f29410 elementor-widget elementor-widget-heading\" data-id=\"24f29410\" data-element_type=\"widget\" data-e-type=\"widget\" data-widget_type=\"heading.default\">\n\t\t\t\t<div class=\"elementor-widget-container\">\n\t\t\t\t\t<h2 class=\"elementor-heading-title elementor-size-default\"><a href=\"https:\/\/saulerius.ee\/en\/#kontakt\">If you would like more information, contact us!<\/a><\/h2>\t\t\t\t<\/div>\n\t\t\t\t<\/div>\n\t\t\t\t<div class=\"elementor-element elementor-element-6c1b7c67 elementor-widget elementor-widget-spacer\" data-id=\"6c1b7c67\" data-element_type=\"widget\" data-e-type=\"widget\" data-widget_type=\"spacer.default\">\n\t\t\t\t<div class=\"elementor-widget-container\">\n\t\t\t\t\t\t\t<div class=\"elementor-spacer\">\n\t\t\t<div class=\"elementor-spacer-inner\"><\/div>\n\t\t<\/div>\n\t\t\t\t\t\t<\/div>\n\t\t\t\t<\/div>\n\t\t\t\t\t<\/div>\n\t\t\t\t<\/div>\n\t\t\t\t<\/div>","protected":false},"excerpt":{"rendered":"<p>TEOSTUSANAL\u00dc\u00dcSID Teostusanal\u00fc\u00fcsid Laserskaneerimise abil on v\u00f5imalik koguda andmeid tegelikest objektidest ning j\u00e4relt\u00f6\u00f6tlemisel hinnata nende vastavust projektile. M\u00f5\u00f5tmised v\u00f5imaldavad avastada isegi v\u00e4iksemaid k\u00f5rvalekaldeid ja seda nii horisontaalsete kui vertikaalsete pindade puhul. Tulemeid saab esitleda nii 2D kui ka 3D formaatides, et oleks lihtne erinevusi j\u00e4lgida ja hinnata. Teostusanal\u00fc\u00fcsid on kasulikud n\u00e4iteks ehitustegevuse kvaliteedi tagamiseks, deformatsiooni anal\u00fc\u00fcsimiseks [&hellip;]<\/p>\n","protected":false},"author":2,"featured_media":0,"parent":0,"menu_order":0,"comment_status":"closed","ping_status":"closed","template":"","meta":{"footnotes":""},"class_list":["post-1108","page","type-page","status-publish","hentry"],"blocksy_meta":[],"_links":{"self":[{"href":"https:\/\/saulerius.ee\/en\/wp-json\/wp\/v2\/pages\/1108","targetHints":{"allow":["GET"]}}],"collection":[{"href":"https:\/\/saulerius.ee\/en\/wp-json\/wp\/v2\/pages"}],"about":[{"href":"https:\/\/saulerius.ee\/en\/wp-json\/wp\/v2\/types\/page"}],"author":[{"embeddable":true,"href":"https:\/\/saulerius.ee\/en\/wp-json\/wp\/v2\/users\/2"}],"replies":[{"embeddable":true,"href":"https:\/\/saulerius.ee\/en\/wp-json\/wp\/v2\/comments?post=1108"}],"version-history":[{"count":80,"href":"https:\/\/saulerius.ee\/en\/wp-json\/wp\/v2\/pages\/1108\/revisions"}],"predecessor-version":[{"id":2561,"href":"https:\/\/saulerius.ee\/en\/wp-json\/wp\/v2\/pages\/1108\/revisions\/2561"}],"wp:attachment":[{"href":"https:\/\/saulerius.ee\/en\/wp-json\/wp\/v2\/media?parent=1108"}],"curies":[{"name":"wp","href":"https:\/\/api.w.org\/{rel}","templated":true}]}}