{"id":1180,"date":"2025-03-03T14:58:58","date_gmt":"2025-03-03T14:58:58","guid":{"rendered":"https:\/\/saulerius.ee\/?page_id=1180"},"modified":"2025-10-02T15:03:15","modified_gmt":"2025-10-02T15:03:15","slug":"projektijuhtimine","status":"publish","type":"page","link":"https:\/\/saulerius.ee\/en\/projektijuhtimine\/","title":{"rendered":"Project Management"},"content":{"rendered":"<div data-elementor-type=\"wp-page\" data-elementor-id=\"1180\" class=\"elementor elementor-1180\">\n\t\t\t\t<div class=\"elementor-element elementor-element-59a906dc e-con-full e-flex e-con e-parent\" data-id=\"59a906dc\" data-element_type=\"container\" data-e-type=\"container\" data-settings=\"{&quot;background_background&quot;:&quot;classic&quot;}\">\n\t\t\t\t<div class=\"elementor-element elementor-element-61b422c1 elementor-widget elementor-widget-spacer\" data-id=\"61b422c1\" data-element_type=\"widget\" data-e-type=\"widget\" data-widget_type=\"spacer.default\">\n\t\t\t\t<div class=\"elementor-widget-container\">\n\t\t\t\t\t\t\t<div class=\"elementor-spacer\">\n\t\t\t<div class=\"elementor-spacer-inner\"><\/div>\n\t\t<\/div>\n\t\t\t\t\t\t<\/div>\n\t\t\t\t<\/div>\n\t\t\t\t<div class=\"elementor-element elementor-element-2cf000c4 elementor-widget elementor-widget-heading\" data-id=\"2cf000c4\" data-element_type=\"widget\" data-e-type=\"widget\" data-widget_type=\"heading.default\">\n\t\t\t\t<div class=\"elementor-widget-container\">\n\t\t\t\t\t<h2 class=\"elementor-heading-title elementor-size-default\">PROJECT MANAGEMENT<\/h2>\t\t\t\t<\/div>\n\t\t\t\t<\/div>\n\t\t\t\t<\/div>\n\t\t<div class=\"elementor-element elementor-element-378a7c2f e-flex e-con-boxed e-con e-parent\" data-id=\"378a7c2f\" data-element_type=\"container\" data-e-type=\"container\">\n\t\t\t\t\t<div class=\"e-con-inner\">\n\t\t\t\t<div class=\"elementor-element elementor-element-63479289 elementor-widget-divider--view-line_icon elementor-view-default elementor-widget-divider--element-align-center elementor-widget elementor-widget-divider\" data-id=\"63479289\" data-element_type=\"widget\" data-e-type=\"widget\" data-widget_type=\"divider.default\">\n\t\t\t\t<div class=\"elementor-widget-container\">\n\t\t\t\t\t\t\t<div class=\"elementor-divider\">\n\t\t\t<span class=\"elementor-divider-separator\">\n\t\t\t\t\t\t\t<div class=\"elementor-icon elementor-divider__element\">\n\t\t\t\t\t<svg aria-hidden=\"true\" class=\"e-font-icon-svg e-far-caret-square-down\" viewbox=\"0 0 448 512\" xmlns=\"http:\/\/www.w3.org\/2000\/svg\"><path d=\"M125.1 208h197.8c10.7 0 16.1 13 8.5 20.5l-98.9 98.3c-4.7 4.7-12.2 4.7-16.9 0l-98.9-98.3c-7.7-7.5-2.3-20.5 8.4-20.5zM448 80v352c0 26.5-21.5 48-48 48H48c-26.5 0-48-21.5-48-48V80c0-26.5 21.5-48 48-48h352c26.5 0 48 21.5 48 48zm-48 346V86c0-3.3-2.7-6-6-6H54c-3.3 0-6 2.7-6 6v340c0 3.3 2.7 6 6 6h340c3.3 0 6-2.7 6-6z\"><\/path><\/svg><\/div>\n\t\t\t\t\t\t<\/span>\n\t\t<\/div>\n\t\t\t\t\t\t<\/div>\n\t\t\t\t<\/div>\n\t\t\t\t\t<\/div>\n\t\t\t\t<\/div>\n\t\t<div class=\"elementor-element elementor-element-55492a6 e-grid e-con-boxed e-con e-parent\" data-id=\"55492a6\" data-element_type=\"container\" data-e-type=\"container\">\n\t\t\t\t\t<div class=\"e-con-inner\">\n\t\t\t\t<div class=\"elementor-element elementor-element-20b11b69 elementor-widget elementor-widget-text-editor\" data-id=\"20b11b69\" data-element_type=\"widget\" data-e-type=\"widget\" data-widget_type=\"text-editor.default\">\n\t\t\t\t<div class=\"elementor-widget-container\">\n\t\t\t\t\t\t\t\t\t<h3><strong>Project planning\u00a0<\/strong><\/h3><p>The first stage of project management is careful planning and strategy development. We work with your team to identify project objectives, timeline, resources, and budget, based on which we create an action plan that covers all the important steps to the final project outcome.<\/p>\t\t\t\t\t\t\t\t<\/div>\n\t\t\t\t<\/div>\n\t\t\t\t<div class=\"elementor-element elementor-element-724ea866 elementor-hidden-mobile elementor-widget elementor-widget-image\" data-id=\"724ea866\" data-element_type=\"widget\" data-e-type=\"widget\" data-widget_type=\"image.default\">\n\t\t\t\t<div class=\"elementor-widget-container\">\n\t\t\t\t\t\t\t\t\t\t\t\t\t\t\t<img fetchpriority=\"high\" decoding=\"async\" width=\"500\" height=\"500\" src=\"https:\/\/saulerius.ee\/wp-content\/uploads\/2025\/10\/projektide_planeerimine.webp\" class=\"attachment-full size-full wp-image-2568\" alt=\"Projektijuhtimise esimene etapp on hoolikas planeerimine ja strateegia koostamine. T\u00f6\u00f6tame koos Teie meeskonnaga, et selgitada v\u00e4lja projekti eesm\u00e4rgid, ajakava, ressursid ja eelarve, mille p\u00f5hjal koostame tegevusplaani, mis katab k\u00f5ik olulised sammud projekti l\u00f5pptulemuseni.\" srcset=\"https:\/\/saulerius.ee\/wp-content\/uploads\/2025\/10\/projektide_planeerimine.webp 500w, https:\/\/saulerius.ee\/wp-content\/uploads\/2025\/10\/projektide_planeerimine-300x300.webp 300w, https:\/\/saulerius.ee\/wp-content\/uploads\/2025\/10\/projektide_planeerimine-150x150.webp 150w, https:\/\/saulerius.ee\/wp-content\/uploads\/2025\/10\/projektide_planeerimine-12x12.webp 12w\" sizes=\"(max-width: 500px) 100vw, 500px\" \/>\t\t\t\t\t\t\t\t\t\t\t\t\t\t\t<\/div>\n\t\t\t\t<\/div>\n\t\t\t\t\t<\/div>\n\t\t\t\t<\/div>\n\t\t<div class=\"elementor-element elementor-element-a97f092 e-flex e-con-boxed e-con e-parent\" data-id=\"a97f092\" data-element_type=\"container\" data-e-type=\"container\">\n\t\t\t\t\t<div class=\"e-con-inner\">\n\t\t\t\t<div class=\"elementor-element elementor-element-fbf0e7c elementor-widget elementor-widget-spacer\" data-id=\"fbf0e7c\" data-element_type=\"widget\" data-e-type=\"widget\" data-widget_type=\"spacer.default\">\n\t\t\t\t<div class=\"elementor-widget-container\">\n\t\t\t\t\t\t\t<div class=\"elementor-spacer\">\n\t\t\t<div class=\"elementor-spacer-inner\"><\/div>\n\t\t<\/div>\n\t\t\t\t\t\t<\/div>\n\t\t\t\t<\/div>\n\t\t\t\t\t<\/div>\n\t\t\t\t<\/div>\n\t\t<div class=\"elementor-element elementor-element-c191b4d e-grid e-con-boxed e-con e-parent\" data-id=\"c191b4d\" data-element_type=\"container\" data-e-type=\"container\">\n\t\t\t\t\t<div class=\"e-con-inner\">\n\t\t\t\t<div class=\"elementor-element elementor-element-106a9be elementor-hidden-mobile elementor-widget elementor-widget-image\" data-id=\"106a9be\" data-element_type=\"widget\" data-e-type=\"widget\" data-widget_type=\"image.default\">\n\t\t\t\t<div class=\"elementor-widget-container\">\n\t\t\t\t\t\t\t\t\t\t\t\t\t\t\t<img decoding=\"async\" width=\"500\" height=\"500\" src=\"https:\/\/saulerius.ee\/wp-content\/uploads\/2025\/10\/riskide_haldamine.webp\" class=\"attachment-full size-full wp-image-2571\" alt=\"Iga projekt sisaldab riske, mis v\u00f5ivad m\u00f5jutada ajakava, kvaliteeti v\u00f5i eelarvet. Anal\u00fc\u00fcsime v\u00f5imalikke riske ja t\u00f6\u00f6tame v\u00e4lja plaanid nende ennetamiseks v\u00f5i maandamiseks. Samuti tagame, et iga etapi k\u00e4igus s\u00e4iliks projektide k\u00f5rge kvaliteet ning k\u00f5ik t\u00f6\u00f6de etapid vastaksid seatud ootustele.\" srcset=\"https:\/\/saulerius.ee\/wp-content\/uploads\/2025\/10\/riskide_haldamine.webp 500w, https:\/\/saulerius.ee\/wp-content\/uploads\/2025\/10\/riskide_haldamine-300x300.webp 300w, https:\/\/saulerius.ee\/wp-content\/uploads\/2025\/10\/riskide_haldamine-150x150.webp 150w, https:\/\/saulerius.ee\/wp-content\/uploads\/2025\/10\/riskide_haldamine-12x12.webp 12w\" sizes=\"(max-width: 500px) 100vw, 500px\" \/>\t\t\t\t\t\t\t\t\t\t\t\t\t\t\t<\/div>\n\t\t\t\t<\/div>\n\t\t\t\t<div class=\"elementor-element elementor-element-24a8273 elementor-widget elementor-widget-text-editor\" data-id=\"24a8273\" data-element_type=\"widget\" data-e-type=\"widget\" data-widget_type=\"text-editor.default\">\n\t\t\t\t<div class=\"elementor-widget-container\">\n\t\t\t\t\t\t\t\t\t<h3><strong>Risk management and quality assurance<\/strong><\/h3><p>Every project involves risks that can impact schedule, quality, or budget. We analyze potential risks and develop plans to prevent or mitigate them. We also ensure that high quality projects are maintained at every stage and that all stages of the work meet set expectations.<\/p>\t\t\t\t\t\t\t\t<\/div>\n\t\t\t\t<\/div>\n\t\t\t\t\t<\/div>\n\t\t\t\t<\/div>\n\t\t<div class=\"elementor-element elementor-element-531aba6 e-flex e-con-boxed e-con e-parent\" data-id=\"531aba6\" data-element_type=\"container\" data-e-type=\"container\">\n\t\t\t\t\t<div class=\"e-con-inner\">\n\t\t\t\t<div class=\"elementor-element elementor-element-113d4fb elementor-widget elementor-widget-spacer\" data-id=\"113d4fb\" data-element_type=\"widget\" data-e-type=\"widget\" data-widget_type=\"spacer.default\">\n\t\t\t\t<div class=\"elementor-widget-container\">\n\t\t\t\t\t\t\t<div class=\"elementor-spacer\">\n\t\t\t<div class=\"elementor-spacer-inner\"><\/div>\n\t\t<\/div>\n\t\t\t\t\t\t<\/div>\n\t\t\t\t<\/div>\n\t\t\t\t\t<\/div>\n\t\t\t\t<\/div>\n\t\t<div class=\"elementor-element elementor-element-7f4db0e e-grid e-con-boxed e-con e-parent\" data-id=\"7f4db0e\" data-element_type=\"container\" data-e-type=\"container\">\n\t\t\t\t\t<div class=\"e-con-inner\">\n\t\t\t\t<div class=\"elementor-element elementor-element-25e50eb elementor-widget elementor-widget-text-editor\" data-id=\"25e50eb\" data-element_type=\"widget\" data-e-type=\"widget\" data-widget_type=\"text-editor.default\">\n\t\t\t\t<div class=\"elementor-widget-container\">\n\t\t\t\t\t\t\t\t\t<h3><strong>Teamwork coordination and communication<\/strong><\/h3>\n<p>Effective project management is not possible without effective teamwork and communication. We coordinate all parties to ensure that each member understands their role and responsibilities. We organize regular meetings to discuss project progress, resolve issues, and share important information.&nbsp;<\/p>\t\t\t\t\t\t\t\t<\/div>\n\t\t\t\t<\/div>\n\t\t\t\t<div class=\"elementor-element elementor-element-1de3c88 elementor-hidden-mobile elementor-widget elementor-widget-image\" data-id=\"1de3c88\" data-element_type=\"widget\" data-e-type=\"widget\" data-widget_type=\"image.default\">\n\t\t\t\t<div class=\"elementor-widget-container\">\n\t\t\t\t\t\t\t\t\t\t\t\t\t\t\t<img decoding=\"async\" width=\"500\" height=\"500\" src=\"https:\/\/saulerius.ee\/wp-content\/uploads\/2025\/10\/meeskonnatoo.webp\" class=\"attachment-full size-full wp-image-2570\" alt=\"T\u00f5hus projektijuhtimine ei ole v\u00f5imalik ilma t\u00f5husa meeskonnat\u00f6\u00f6 ja kommunikatsioonita. Koordineerime k\u00f5iki osapooli tagamaks, et iga liige m\u00f5istab oma rolli ja vastutust. Korraldame regulaarseid koosolekud, et arutada projekti arengut, lahendada tekkinud probleeme ja jagada olulist informatsiooni.\" srcset=\"https:\/\/saulerius.ee\/wp-content\/uploads\/2025\/10\/meeskonnatoo.webp 500w, https:\/\/saulerius.ee\/wp-content\/uploads\/2025\/10\/meeskonnatoo-300x300.webp 300w, https:\/\/saulerius.ee\/wp-content\/uploads\/2025\/10\/meeskonnatoo-150x150.webp 150w, https:\/\/saulerius.ee\/wp-content\/uploads\/2025\/10\/meeskonnatoo-12x12.webp 12w\" sizes=\"(max-width: 500px) 100vw, 500px\" \/>\t\t\t\t\t\t\t\t\t\t\t\t\t\t\t<\/div>\n\t\t\t\t<\/div>\n\t\t\t\t\t<\/div>\n\t\t\t\t<\/div>\n\t\t<div class=\"elementor-element elementor-element-3819858 e-flex e-con-boxed e-con e-parent\" data-id=\"3819858\" data-element_type=\"container\" data-e-type=\"container\">\n\t\t\t\t\t<div class=\"e-con-inner\">\n\t\t\t\t<div class=\"elementor-element elementor-element-27a57fe elementor-widget elementor-widget-spacer\" data-id=\"27a57fe\" data-element_type=\"widget\" data-e-type=\"widget\" data-widget_type=\"spacer.default\">\n\t\t\t\t<div class=\"elementor-widget-container\">\n\t\t\t\t\t\t\t<div class=\"elementor-spacer\">\n\t\t\t<div class=\"elementor-spacer-inner\"><\/div>\n\t\t<\/div>\n\t\t\t\t\t\t<\/div>\n\t\t\t\t<\/div>\n\t\t\t\t\t<\/div>\n\t\t\t\t<\/div>\n\t\t<div class=\"elementor-element elementor-element-60976c9 e-grid e-con-boxed e-con e-parent\" data-id=\"60976c9\" data-element_type=\"container\" data-e-type=\"container\">\n\t\t\t\t\t<div class=\"e-con-inner\">\n\t\t\t\t<div class=\"elementor-element elementor-element-036b554 elementor-hidden-mobile elementor-widget elementor-widget-image\" data-id=\"036b554\" data-element_type=\"widget\" data-e-type=\"widget\" data-widget_type=\"image.default\">\n\t\t\t\t<div class=\"elementor-widget-container\">\n\t\t\t\t\t\t\t\t\t\t\t\t\t\t\t<img loading=\"lazy\" decoding=\"async\" width=\"500\" height=\"500\" src=\"https:\/\/saulerius.ee\/wp-content\/uploads\/2025\/10\/plaanid_eelarve.webp\" class=\"attachment-full size-full wp-image-2569\" alt=\"Projektide \u00f5igeaegne ja eelarve piires teostamine on \u00fcks meie suurimaid prioriteete. J\u00e4lgime pidevalt projekti kulusid ja ajakava, et tagada k\u00f5ikide etappide \u00f5igeaegne l\u00f5petamine ilma eelarvet \u00fcletamata, andes Teile alati v\u00e4rske \u00fclevaate projekti seisust.\" srcset=\"https:\/\/saulerius.ee\/wp-content\/uploads\/2025\/10\/plaanid_eelarve.webp 500w, https:\/\/saulerius.ee\/wp-content\/uploads\/2025\/10\/plaanid_eelarve-300x300.webp 300w, https:\/\/saulerius.ee\/wp-content\/uploads\/2025\/10\/plaanid_eelarve-150x150.webp 150w, https:\/\/saulerius.ee\/wp-content\/uploads\/2025\/10\/plaanid_eelarve-12x12.webp 12w\" sizes=\"(max-width: 500px) 100vw, 500px\" \/>\t\t\t\t\t\t\t\t\t\t\t\t\t\t\t<\/div>\n\t\t\t\t<\/div>\n\t\t\t\t<div class=\"elementor-element elementor-element-7c6f1a3 elementor-widget elementor-widget-text-editor\" data-id=\"7c6f1a3\" data-element_type=\"widget\" data-e-type=\"widget\" data-widget_type=\"text-editor.default\">\n\t\t\t\t<div class=\"elementor-widget-container\">\n\t\t\t\t\t\t\t\t\t<h3><strong>Monitoring plans and budget<\/strong><\/h3><p>Delivering projects on time and within budget is one of our top priorities. We constantly monitor project costs and schedules to ensure all phases are completed on time and within budget, always giving you an up-to-date overview of the project status.<\/p>\t\t\t\t\t\t\t\t<\/div>\n\t\t\t\t<\/div>\n\t\t\t\t\t<\/div>\n\t\t\t\t<\/div>\n\t\t<div class=\"elementor-element elementor-element-6b4c4f1f e-flex e-con-boxed e-con e-parent\" data-id=\"6b4c4f1f\" data-element_type=\"container\" data-e-type=\"container\">\n\t\t\t\t\t<div class=\"e-con-inner\">\n\t\t\t\t<div class=\"elementor-element elementor-element-63a21e7e elementor-widget-divider--view-line elementor-widget elementor-widget-divider\" data-id=\"63a21e7e\" data-element_type=\"widget\" data-e-type=\"widget\" data-widget_type=\"divider.default\">\n\t\t\t\t<div class=\"elementor-widget-container\">\n\t\t\t\t\t\t\t<div class=\"elementor-divider\">\n\t\t\t<span class=\"elementor-divider-separator\">\n\t\t\t\t\t\t<\/span>\n\t\t<\/div>\n\t\t\t\t\t\t<\/div>\n\t\t\t\t<\/div>\n\t\t\t\t<div class=\"elementor-element elementor-element-43dbedca elementor-widget elementor-widget-heading\" data-id=\"43dbedca\" data-element_type=\"widget\" data-e-type=\"widget\" data-widget_type=\"heading.default\">\n\t\t\t\t<div class=\"elementor-widget-container\">\n\t\t\t\t\t<h2 class=\"elementor-heading-title elementor-size-default\"><a href=\"https:\/\/saulerius.ee\/en\/#kontakt\">If you would like more information, contact us!<\/a><\/h2>\t\t\t\t<\/div>\n\t\t\t\t<\/div>\n\t\t\t\t<div class=\"elementor-element elementor-element-6143fbd5 elementor-widget elementor-widget-spacer\" data-id=\"6143fbd5\" data-element_type=\"widget\" data-e-type=\"widget\" data-widget_type=\"spacer.default\">\n\t\t\t\t<div class=\"elementor-widget-container\">\n\t\t\t\t\t\t\t<div class=\"elementor-spacer\">\n\t\t\t<div class=\"elementor-spacer-inner\"><\/div>\n\t\t<\/div>\n\t\t\t\t\t\t<\/div>\n\t\t\t\t<\/div>\n\t\t\t\t\t<\/div>\n\t\t\t\t<\/div>\n\t\t\t\t<\/div>","protected":false},"excerpt":{"rendered":"<p>PROJEKTIJUHTIMINE Projektide planeerimine\u00a0 Projektijuhtimise esimene etapp on hoolikas planeerimine ja strateegia koostamine. T\u00f6\u00f6tame koos Teie meeskonnaga, et selgitada v\u00e4lja projekti eesm\u00e4rgid, ajakava, ressursid ja eelarve, mille p\u00f5hjal koostame tegevusplaani, mis katab k\u00f5ik olulised sammud projekti l\u00f5pptulemuseni. Riskide haldamine ning kvaliteedi tagamine Iga projekt sisaldab riske, mis v\u00f5ivad m\u00f5jutada ajakava, kvaliteeti v\u00f5i eelarvet. Anal\u00fc\u00fcsime v\u00f5imalikke riske [&hellip;]<\/p>\n","protected":false},"author":2,"featured_media":0,"parent":0,"menu_order":0,"comment_status":"closed","ping_status":"closed","template":"","meta":{"footnotes":""},"class_list":["post-1180","page","type-page","status-publish","hentry"],"blocksy_meta":[],"_links":{"self":[{"href":"https:\/\/saulerius.ee\/en\/wp-json\/wp\/v2\/pages\/1180","targetHints":{"allow":["GET"]}}],"collection":[{"href":"https:\/\/saulerius.ee\/en\/wp-json\/wp\/v2\/pages"}],"about":[{"href":"https:\/\/saulerius.ee\/en\/wp-json\/wp\/v2\/types\/page"}],"author":[{"embeddable":true,"href":"https:\/\/saulerius.ee\/en\/wp-json\/wp\/v2\/users\/2"}],"replies":[{"embeddable":true,"href":"https:\/\/saulerius.ee\/en\/wp-json\/wp\/v2\/comments?post=1180"}],"version-history":[{"count":98,"href":"https:\/\/saulerius.ee\/en\/wp-json\/wp\/v2\/pages\/1180\/revisions"}],"predecessor-version":[{"id":2574,"href":"https:\/\/saulerius.ee\/en\/wp-json\/wp\/v2\/pages\/1180\/revisions\/2574"}],"wp:attachment":[{"href":"https:\/\/saulerius.ee\/en\/wp-json\/wp\/v2\/media?parent=1180"}],"curies":[{"name":"wp","href":"https:\/\/api.w.org\/{rel}","templated":true}]}}