{"id":1182,"date":"2025-03-03T15:26:40","date_gmt":"2025-03-03T15:26:40","guid":{"rendered":"https:\/\/saulerius.ee\/?page_id=1182"},"modified":"2025-10-02T14:56:30","modified_gmt":"2025-10-02T14:56:30","slug":"triangulatsioonimudelid","status":"publish","type":"page","link":"https:\/\/saulerius.ee\/en\/triangulatsioonimudelid\/","title":{"rendered":"Mesh models"},"content":{"rendered":"<div data-elementor-type=\"wp-page\" data-elementor-id=\"1182\" class=\"elementor elementor-1182\">\n\t\t\t\t<div class=\"elementor-element elementor-element-be33f88 e-con-full e-flex e-con e-parent\" data-id=\"be33f88\" data-element_type=\"container\" data-e-type=\"container\" data-settings=\"{&quot;background_background&quot;:&quot;classic&quot;}\">\n\t\t\t\t<div class=\"elementor-element elementor-element-4a8758f9 elementor-widget elementor-widget-spacer\" data-id=\"4a8758f9\" data-element_type=\"widget\" data-e-type=\"widget\" data-widget_type=\"spacer.default\">\n\t\t\t\t<div class=\"elementor-widget-container\">\n\t\t\t\t\t\t\t<div class=\"elementor-spacer\">\n\t\t\t<div class=\"elementor-spacer-inner\"><\/div>\n\t\t<\/div>\n\t\t\t\t\t\t<\/div>\n\t\t\t\t<\/div>\n\t\t\t\t<div class=\"elementor-element elementor-element-605e88e1 elementor-widget elementor-widget-heading\" data-id=\"605e88e1\" data-element_type=\"widget\" data-e-type=\"widget\" data-widget_type=\"heading.default\">\n\t\t\t\t<div class=\"elementor-widget-container\">\n\t\t\t\t\t<h2 class=\"elementor-heading-title elementor-size-default\">MESH MODELING<\/h2>\t\t\t\t<\/div>\n\t\t\t\t<\/div>\n\t\t\t\t<\/div>\n\t\t<div class=\"elementor-element elementor-element-34a579e5 e-flex e-con-boxed e-con e-parent\" data-id=\"34a579e5\" data-element_type=\"container\" data-e-type=\"container\">\n\t\t\t\t\t<div class=\"e-con-inner\">\n\t\t\t\t<div class=\"elementor-element elementor-element-4a09919c elementor-widget-divider--view-line_icon elementor-view-default elementor-widget-divider--element-align-center elementor-widget elementor-widget-divider\" data-id=\"4a09919c\" data-element_type=\"widget\" data-e-type=\"widget\" data-widget_type=\"divider.default\">\n\t\t\t\t<div class=\"elementor-widget-container\">\n\t\t\t\t\t\t\t<div class=\"elementor-divider\">\n\t\t\t<span class=\"elementor-divider-separator\">\n\t\t\t\t\t\t\t<div class=\"elementor-icon elementor-divider__element\">\n\t\t\t\t\t<svg aria-hidden=\"true\" class=\"e-font-icon-svg e-far-caret-square-down\" viewbox=\"0 0 448 512\" xmlns=\"http:\/\/www.w3.org\/2000\/svg\"><path d=\"M125.1 208h197.8c10.7 0 16.1 13 8.5 20.5l-98.9 98.3c-4.7 4.7-12.2 4.7-16.9 0l-98.9-98.3c-7.7-7.5-2.3-20.5 8.4-20.5zM448 80v352c0 26.5-21.5 48-48 48H48c-26.5 0-48-21.5-48-48V80c0-26.5 21.5-48 48-48h352c26.5 0 48 21.5 48 48zm-48 346V86c0-3.3-2.7-6-6-6H54c-3.3 0-6 2.7-6 6v340c0 3.3 2.7 6 6 6h340c3.3 0 6-2.7 6-6z\"><\/path><\/svg><\/div>\n\t\t\t\t\t\t<\/span>\n\t\t<\/div>\n\t\t\t\t\t\t<\/div>\n\t\t\t\t<\/div>\n\t\t\t\t\t<\/div>\n\t\t\t\t<\/div>\n\t\t<div class=\"elementor-element elementor-element-6b9bc922 e-grid e-con-boxed e-con e-parent\" data-id=\"6b9bc922\" data-element_type=\"container\" data-e-type=\"container\">\n\t\t\t\t\t<div class=\"e-con-inner\">\n\t\t\t\t<div class=\"elementor-element elementor-element-7f5b7560 elementor-widget elementor-widget-text-editor\" data-id=\"7f5b7560\" data-element_type=\"widget\" data-e-type=\"widget\" data-widget_type=\"text-editor.default\">\n\t\t\t\t<div class=\"elementor-widget-container\">\n\t\t\t\t\t\t\t\t\t<h3><strong>Mesh modeling from point clouds<\/strong><\/h3><p>Laser scanning data allows to create accurate mesh models. M <em>esh<\/em> models allow to construct complex geometric elements that can be applied, for example, in construction, industry, production, and scientific research.<\/p>\t\t\t\t\t\t\t\t<\/div>\n\t\t\t\t<\/div>\n\t\t\t\t<div class=\"elementor-element elementor-element-f061a3 elementor-hidden-mobile elementor-widget elementor-widget-image\" data-id=\"f061a3\" data-element_type=\"widget\" data-e-type=\"widget\" data-widget_type=\"image.default\">\n\t\t\t\t<div class=\"elementor-widget-container\">\n\t\t\t\t\t\t\t\t\t\t\t\t\t\t\t<img fetchpriority=\"high\" decoding=\"async\" width=\"500\" height=\"500\" src=\"https:\/\/saulerius.ee\/wp-content\/uploads\/2025\/10\/triangulatsioonimudel_punktipilvest.webp\" class=\"attachment-full size-full wp-image-2562\" alt=\"Laserskaneerimise andmete p\u00f5hjal on v\u00f5imalik luua triangulatsioonimudeleid. Triangulatsioonimudelid ehk mesh mudelid v\u00f5imaldavad konstrueerida keerulisi geomeetrilisi elemente, mida saab rakendada n\u00e4iteks ehituses, t\u00f6\u00f6stuses ja tootmises ning teaduslikes uuringutes.\" srcset=\"https:\/\/saulerius.ee\/wp-content\/uploads\/2025\/10\/triangulatsioonimudel_punktipilvest.webp 500w, https:\/\/saulerius.ee\/wp-content\/uploads\/2025\/10\/triangulatsioonimudel_punktipilvest-300x300.webp 300w, https:\/\/saulerius.ee\/wp-content\/uploads\/2025\/10\/triangulatsioonimudel_punktipilvest-150x150.webp 150w, https:\/\/saulerius.ee\/wp-content\/uploads\/2025\/10\/triangulatsioonimudel_punktipilvest-12x12.webp 12w\" sizes=\"(max-width: 500px) 100vw, 500px\" \/>\t\t\t\t\t\t\t\t\t\t\t\t\t\t\t<\/div>\n\t\t\t\t<\/div>\n\t\t\t\t\t<\/div>\n\t\t\t\t<\/div>\n\t\t<div class=\"elementor-element elementor-element-5b9b096c e-flex e-con-boxed e-con e-parent\" data-id=\"5b9b096c\" data-element_type=\"container\" data-e-type=\"container\">\n\t\t\t\t\t<div class=\"e-con-inner\">\n\t\t\t\t<div class=\"elementor-element elementor-element-2cc04d54 elementor-widget elementor-widget-spacer\" data-id=\"2cc04d54\" data-element_type=\"widget\" data-e-type=\"widget\" data-widget_type=\"spacer.default\">\n\t\t\t\t<div class=\"elementor-widget-container\">\n\t\t\t\t\t\t\t<div class=\"elementor-spacer\">\n\t\t\t<div class=\"elementor-spacer-inner\"><\/div>\n\t\t<\/div>\n\t\t\t\t\t\t<\/div>\n\t\t\t\t<\/div>\n\t\t\t\t\t<\/div>\n\t\t\t\t<\/div>\n\t\t<div class=\"elementor-element elementor-element-5a9895ba e-grid e-con-boxed e-con e-parent\" data-id=\"5a9895ba\" data-element_type=\"container\" data-e-type=\"container\">\n\t\t\t\t\t<div class=\"e-con-inner\">\n\t\t\t\t<div class=\"elementor-element elementor-element-41738e99 elementor-hidden-mobile elementor-widget elementor-widget-image\" data-id=\"41738e99\" data-element_type=\"widget\" data-e-type=\"widget\" data-widget_type=\"image.default\">\n\t\t\t\t<div class=\"elementor-widget-container\">\n\t\t\t\t\t\t\t\t\t\t\t\t\t\t\t<img decoding=\"async\" width=\"500\" height=\"500\" src=\"https:\/\/saulerius.ee\/wp-content\/uploads\/2025\/10\/olemasolevad_konstruktsioonid.webp\" class=\"attachment-full size-full wp-image-2564\" alt=\"Lisaks tavap\u00e4rasele mudeli loomisele on v\u00f5imalik kohandada ka olemasolevate mudelite tihedust ja t\u00e4psust vastavalt Teie projekti n\u00f5udmistele, lisades sinna keerulisi maastikke, hooneid v\u00f5i muid tehnilisi elemente, mille mudeldamine tavap\u00e4rastes tarkvarades nagu REVIT v\u00f5i ARCHICAD oleks liialt keeruline ning ajakulukas.\" srcset=\"https:\/\/saulerius.ee\/wp-content\/uploads\/2025\/10\/olemasolevad_konstruktsioonid.webp 500w, https:\/\/saulerius.ee\/wp-content\/uploads\/2025\/10\/olemasolevad_konstruktsioonid-300x300.webp 300w, https:\/\/saulerius.ee\/wp-content\/uploads\/2025\/10\/olemasolevad_konstruktsioonid-150x150.webp 150w, https:\/\/saulerius.ee\/wp-content\/uploads\/2025\/10\/olemasolevad_konstruktsioonid-12x12.webp 12w\" sizes=\"(max-width: 500px) 100vw, 500px\" \/>\t\t\t\t\t\t\t\t\t\t\t\t\t\t\t<\/div>\n\t\t\t\t<\/div>\n\t\t\t\t<div class=\"elementor-element elementor-element-26a37986 elementor-widget elementor-widget-text-editor\" data-id=\"26a37986\" data-element_type=\"widget\" data-e-type=\"widget\" data-widget_type=\"text-editor.default\">\n\t\t\t\t<div class=\"elementor-widget-container\">\n\t\t\t\t\t\t\t\t\t<h3><strong>Upgrading existing models<\/strong><\/h3><p>In addition to conventional model creation, it is also possible to adjust the density and accuracy of existing models according to the requirements of your project, adding complex landscapes, buildings or other technical elements that would be too complex and time-consuming to model in other software such as REVIT or ARCHICAD.<\/p>\t\t\t\t\t\t\t\t<\/div>\n\t\t\t\t<\/div>\n\t\t\t\t\t<\/div>\n\t\t\t\t<\/div>\n\t\t<div class=\"elementor-element elementor-element-7f086329 e-flex e-con-boxed e-con e-parent\" data-id=\"7f086329\" data-element_type=\"container\" data-e-type=\"container\">\n\t\t\t\t\t<div class=\"e-con-inner\">\n\t\t\t\t<div class=\"elementor-element elementor-element-43f77420 elementor-widget elementor-widget-spacer\" data-id=\"43f77420\" data-element_type=\"widget\" data-e-type=\"widget\" data-widget_type=\"spacer.default\">\n\t\t\t\t<div class=\"elementor-widget-container\">\n\t\t\t\t\t\t\t<div class=\"elementor-spacer\">\n\t\t\t<div class=\"elementor-spacer-inner\"><\/div>\n\t\t<\/div>\n\t\t\t\t\t\t<\/div>\n\t\t\t\t<\/div>\n\t\t\t\t\t<\/div>\n\t\t\t\t<\/div>\n\t\t<div class=\"elementor-element elementor-element-2e6b735 e-grid e-con-boxed e-con e-parent\" data-id=\"2e6b735\" data-element_type=\"container\" data-e-type=\"container\">\n\t\t\t\t\t<div class=\"e-con-inner\">\n\t\t\t\t<div class=\"elementor-element elementor-element-3d70eecc elementor-widget elementor-widget-text-editor\" data-id=\"3d70eecc\" data-element_type=\"widget\" data-e-type=\"widget\" data-widget_type=\"text-editor.default\">\n\t\t\t\t<div class=\"elementor-widget-container\">\n\t\t\t\t\t\t\t\t\t<h3><strong>Data visualization<\/strong><\/h3>\n<p>Mesh models, or their symbiosis with conventional geometric modeling, can also be successfully used for visualization of architecture, engineering works and change planning, allowing to develop and analyze projects before the start of actual construction. In addition, it provides important input for creating a digital twin of buildings or other facilities.<\/p>\t\t\t\t\t\t\t\t<\/div>\n\t\t\t\t<\/div>\n\t\t\t\t<div class=\"elementor-element elementor-element-b388bbd elementor-hidden-mobile elementor-widget elementor-widget-image\" data-id=\"b388bbd\" data-element_type=\"widget\" data-e-type=\"widget\" data-widget_type=\"image.default\">\n\t\t\t\t<div class=\"elementor-widget-container\">\n\t\t\t\t\t\t\t\t\t\t\t\t\t\t\t<img decoding=\"async\" width=\"500\" height=\"500\" src=\"https:\/\/saulerius.ee\/wp-content\/uploads\/2025\/10\/visualiseerimine.webp\" class=\"attachment-full size-full wp-image-2563\" alt=\"Triangulatsioonimudeleid v\u00f5i nende s\u00fcmbioosi tavap\u00e4rase geomeetrilise modelleerimisega saab edukalt kasutada ka arhitektuuri, insenerit\u00f6\u00f6de ja muudatuste planeerimise visualiseerimiseks, v\u00f5imaldades arendada ja anal\u00fc\u00fcsida projekte enne reaalse ehitamise alustamist. Lisaks annab see olulise sisendi hoonete v\u00f5i muude rajatiste digitaalse kaksiku loomiseks.\" srcset=\"https:\/\/saulerius.ee\/wp-content\/uploads\/2025\/10\/visualiseerimine.webp 500w, https:\/\/saulerius.ee\/wp-content\/uploads\/2025\/10\/visualiseerimine-300x300.webp 300w, https:\/\/saulerius.ee\/wp-content\/uploads\/2025\/10\/visualiseerimine-150x150.webp 150w, https:\/\/saulerius.ee\/wp-content\/uploads\/2025\/10\/visualiseerimine-12x12.webp 12w\" sizes=\"(max-width: 500px) 100vw, 500px\" \/>\t\t\t\t\t\t\t\t\t\t\t\t\t\t\t<\/div>\n\t\t\t\t<\/div>\n\t\t\t\t\t<\/div>\n\t\t\t\t<\/div>\n\t\t<div class=\"elementor-element elementor-element-200575c e-flex e-con-boxed e-con e-parent\" data-id=\"200575c\" data-element_type=\"container\" data-e-type=\"container\">\n\t\t\t\t\t<div class=\"e-con-inner\">\n\t\t\t\t<div class=\"elementor-element elementor-element-68fe741b elementor-widget-divider--view-line elementor-widget elementor-widget-divider\" data-id=\"68fe741b\" data-element_type=\"widget\" data-e-type=\"widget\" data-widget_type=\"divider.default\">\n\t\t\t\t<div class=\"elementor-widget-container\">\n\t\t\t\t\t\t\t<div class=\"elementor-divider\">\n\t\t\t<span class=\"elementor-divider-separator\">\n\t\t\t\t\t\t<\/span>\n\t\t<\/div>\n\t\t\t\t\t\t<\/div>\n\t\t\t\t<\/div>\n\t\t\t\t<div class=\"elementor-element elementor-element-5d7a5b18 elementor-widget elementor-widget-heading\" data-id=\"5d7a5b18\" data-element_type=\"widget\" data-e-type=\"widget\" data-widget_type=\"heading.default\">\n\t\t\t\t<div class=\"elementor-widget-container\">\n\t\t\t\t\t<h2 class=\"elementor-heading-title elementor-size-default\"><a href=\"https:\/\/saulerius.ee\/en\/#kontakt\">If you would like more information, contact us!<\/a><\/h2>\t\t\t\t<\/div>\n\t\t\t\t<\/div>\n\t\t\t\t<div class=\"elementor-element elementor-element-3e308157 elementor-widget elementor-widget-spacer\" data-id=\"3e308157\" data-element_type=\"widget\" data-e-type=\"widget\" data-widget_type=\"spacer.default\">\n\t\t\t\t<div class=\"elementor-widget-container\">\n\t\t\t\t\t\t\t<div class=\"elementor-spacer\">\n\t\t\t<div class=\"elementor-spacer-inner\"><\/div>\n\t\t<\/div>\n\t\t\t\t\t\t<\/div>\n\t\t\t\t<\/div>\n\t\t\t\t\t<\/div>\n\t\t\t\t<\/div>\n\t\t\t\t<\/div>","protected":false},"excerpt":{"rendered":"<p>TRIANGULATSIOONIMUDELID Triangulatsioonimudeli loomine punktipilvest Laserskaneerimise andmete p\u00f5hjal on v\u00f5imalik luua triangulatsioonimudeleid. Triangulatsioonimudelid ehk mesh mudelid v\u00f5imaldavad konstrueerida keerulisi geomeetrilisi elemente, mida saab rakendada n\u00e4iteks ehituses, t\u00f6\u00f6stuses ja tootmises ning teaduslikes uuringutes. Olemasolevate mudelite t\u00e4iendamine Lisaks tavap\u00e4rasele mudeli loomisele on v\u00f5imalik kohandada ka olemasolevate mudelite tihedust ja t\u00e4psust vastavalt Teie projekti n\u00f5udmistele, lisades sinna keerulisi maastikke, [&hellip;]<\/p>\n","protected":false},"author":2,"featured_media":0,"parent":0,"menu_order":0,"comment_status":"closed","ping_status":"closed","template":"","meta":{"footnotes":""},"class_list":["post-1182","page","type-page","status-publish","hentry"],"blocksy_meta":[],"_links":{"self":[{"href":"https:\/\/saulerius.ee\/en\/wp-json\/wp\/v2\/pages\/1182","targetHints":{"allow":["GET"]}}],"collection":[{"href":"https:\/\/saulerius.ee\/en\/wp-json\/wp\/v2\/pages"}],"about":[{"href":"https:\/\/saulerius.ee\/en\/wp-json\/wp\/v2\/types\/page"}],"author":[{"embeddable":true,"href":"https:\/\/saulerius.ee\/en\/wp-json\/wp\/v2\/users\/2"}],"replies":[{"embeddable":true,"href":"https:\/\/saulerius.ee\/en\/wp-json\/wp\/v2\/comments?post=1182"}],"version-history":[{"count":53,"href":"https:\/\/saulerius.ee\/en\/wp-json\/wp\/v2\/pages\/1182\/revisions"}],"predecessor-version":[{"id":2567,"href":"https:\/\/saulerius.ee\/en\/wp-json\/wp\/v2\/pages\/1182\/revisions\/2567"}],"wp:attachment":[{"href":"https:\/\/saulerius.ee\/en\/wp-json\/wp\/v2\/media?parent=1182"}],"curies":[{"name":"wp","href":"https:\/\/api.w.org\/{rel}","templated":true}]}}