{"id":1186,"date":"2025-03-03T09:55:22","date_gmt":"2025-03-03T09:55:22","guid":{"rendered":"https:\/\/saulerius.ee\/?page_id=1186"},"modified":"2025-10-02T15:08:51","modified_gmt":"2025-10-02T15:08:51","slug":"tehniline-noustamine","status":"publish","type":"page","link":"https:\/\/saulerius.ee\/en\/tehniline-noustamine\/","title":{"rendered":"Tehniline N\u00f5ustamine"},"content":{"rendered":"<div data-elementor-type=\"wp-page\" data-elementor-id=\"1186\" class=\"elementor elementor-1186\">\n\t\t\t\t<div class=\"elementor-element elementor-element-5daeb938 e-con-full e-flex e-con e-parent\" data-id=\"5daeb938\" data-element_type=\"container\" data-e-type=\"container\" data-settings=\"{&quot;background_background&quot;:&quot;classic&quot;}\">\n\t\t\t\t<div class=\"elementor-element elementor-element-50aad28b elementor-widget elementor-widget-spacer\" data-id=\"50aad28b\" data-element_type=\"widget\" data-e-type=\"widget\" data-widget_type=\"spacer.default\">\n\t\t\t\t<div class=\"elementor-widget-container\">\n\t\t\t\t\t\t\t<div class=\"elementor-spacer\">\n\t\t\t<div class=\"elementor-spacer-inner\"><\/div>\n\t\t<\/div>\n\t\t\t\t\t\t<\/div>\n\t\t\t\t<\/div>\n\t\t\t\t<div class=\"elementor-element elementor-element-79f3b91f elementor-widget elementor-widget-heading\" data-id=\"79f3b91f\" data-element_type=\"widget\" data-e-type=\"widget\" data-widget_type=\"heading.default\">\n\t\t\t\t<div class=\"elementor-widget-container\">\n\t\t\t\t\t<h2 class=\"elementor-heading-title elementor-size-default\">TECHNICAL CONSULTING<\/h2>\t\t\t\t<\/div>\n\t\t\t\t<\/div>\n\t\t\t\t<\/div>\n\t\t<div class=\"elementor-element elementor-element-271077fc e-flex e-con-boxed e-con e-parent\" data-id=\"271077fc\" data-element_type=\"container\" data-e-type=\"container\">\n\t\t\t\t\t<div class=\"e-con-inner\">\n\t\t\t\t<div class=\"elementor-element elementor-element-7139dea1 elementor-widget-divider--view-line_icon elementor-view-default elementor-widget-divider--element-align-center elementor-widget elementor-widget-divider\" data-id=\"7139dea1\" data-element_type=\"widget\" data-e-type=\"widget\" data-widget_type=\"divider.default\">\n\t\t\t\t<div class=\"elementor-widget-container\">\n\t\t\t\t\t\t\t<div class=\"elementor-divider\">\n\t\t\t<span class=\"elementor-divider-separator\">\n\t\t\t\t\t\t\t<div class=\"elementor-icon elementor-divider__element\">\n\t\t\t\t\t<svg aria-hidden=\"true\" class=\"e-font-icon-svg e-far-caret-square-down\" viewbox=\"0 0 448 512\" xmlns=\"http:\/\/www.w3.org\/2000\/svg\"><path d=\"M125.1 208h197.8c10.7 0 16.1 13 8.5 20.5l-98.9 98.3c-4.7 4.7-12.2 4.7-16.9 0l-98.9-98.3c-7.7-7.5-2.3-20.5 8.4-20.5zM448 80v352c0 26.5-21.5 48-48 48H48c-26.5 0-48-21.5-48-48V80c0-26.5 21.5-48 48-48h352c26.5 0 48 21.5 48 48zm-48 346V86c0-3.3-2.7-6-6-6H54c-3.3 0-6 2.7-6 6v340c0 3.3 2.7 6 6 6h340c3.3 0 6-2.7 6-6z\"><\/path><\/svg><\/div>\n\t\t\t\t\t\t<\/span>\n\t\t<\/div>\n\t\t\t\t\t\t<\/div>\n\t\t\t\t<\/div>\n\t\t\t\t\t<\/div>\n\t\t\t\t<\/div>\n\t\t<div class=\"elementor-element elementor-element-30c8af20 e-grid e-con-boxed e-con e-parent\" data-id=\"30c8af20\" data-element_type=\"container\" data-e-type=\"container\">\n\t\t\t\t\t<div class=\"e-con-inner\">\n\t\t\t\t<div class=\"elementor-element elementor-element-31505dec elementor-widget elementor-widget-text-editor\" data-id=\"31505dec\" data-element_type=\"widget\" data-e-type=\"widget\" data-widget_type=\"text-editor.default\">\n\t\t\t\t<div class=\"elementor-widget-container\">\n\t\t\t\t\t\t\t\t\t<h3><strong>Expert advice and consultations<\/strong><\/h3><p>We offer professional technical advice in the fields of laser scanning and data post-processing, helping you make informed and optimal decisions. We analyze your needs, offer practical solutions and support you at every stage of the project.\u00a0<\/p>\t\t\t\t\t\t\t\t<\/div>\n\t\t\t\t<\/div>\n\t\t\t\t<div class=\"elementor-element elementor-element-6830ae2c elementor-hidden-mobile elementor-widget elementor-widget-image\" data-id=\"6830ae2c\" data-element_type=\"widget\" data-e-type=\"widget\" data-widget_type=\"image.default\">\n\t\t\t\t<div class=\"elementor-widget-container\">\n\t\t\t\t\t\t\t\t\t\t\t\t\t\t\t<img fetchpriority=\"high\" decoding=\"async\" width=\"500\" height=\"500\" src=\"https:\/\/saulerius.ee\/wp-content\/uploads\/2025\/10\/konsultatsioonid.webp\" class=\"attachment-full size-full wp-image-2575\" alt=\"Pakume professionaalset tehnilist n\u00f5ustamist laserskaneerimise ning andmete j\u00e4relt\u00f6\u00f6tluse valdkondades, aidates teil teha teadlikke ja optimaalseid otsuseid. Anal\u00fc\u00fcsime Teie vajadusi, pakume praktilisi lahendusi ning toetame Teid igas projekti etapis.\" srcset=\"https:\/\/saulerius.ee\/wp-content\/uploads\/2025\/10\/konsultatsioonid.webp 500w, https:\/\/saulerius.ee\/wp-content\/uploads\/2025\/10\/konsultatsioonid-300x300.webp 300w, https:\/\/saulerius.ee\/wp-content\/uploads\/2025\/10\/konsultatsioonid-150x150.webp 150w, https:\/\/saulerius.ee\/wp-content\/uploads\/2025\/10\/konsultatsioonid-12x12.webp 12w\" sizes=\"(max-width: 500px) 100vw, 500px\" \/>\t\t\t\t\t\t\t\t\t\t\t\t\t\t\t<\/div>\n\t\t\t\t<\/div>\n\t\t\t\t\t<\/div>\n\t\t\t\t<\/div>\n\t\t<div class=\"elementor-element elementor-element-6d2b9a28 e-flex e-con-boxed e-con e-parent\" data-id=\"6d2b9a28\" data-element_type=\"container\" data-e-type=\"container\">\n\t\t\t\t\t<div class=\"e-con-inner\">\n\t\t\t\t<div class=\"elementor-element elementor-element-44774154 elementor-widget elementor-widget-spacer\" data-id=\"44774154\" data-element_type=\"widget\" data-e-type=\"widget\" data-widget_type=\"spacer.default\">\n\t\t\t\t<div class=\"elementor-widget-container\">\n\t\t\t\t\t\t\t<div class=\"elementor-spacer\">\n\t\t\t<div class=\"elementor-spacer-inner\"><\/div>\n\t\t<\/div>\n\t\t\t\t\t\t<\/div>\n\t\t\t\t<\/div>\n\t\t\t\t\t<\/div>\n\t\t\t\t<\/div>\n\t\t<div class=\"elementor-element elementor-element-3125002d e-grid e-con-boxed e-con e-parent\" data-id=\"3125002d\" data-element_type=\"container\" data-e-type=\"container\">\n\t\t\t\t\t<div class=\"e-con-inner\">\n\t\t\t\t<div class=\"elementor-element elementor-element-436d6aca elementor-hidden-mobile elementor-widget elementor-widget-image\" data-id=\"436d6aca\" data-element_type=\"widget\" data-e-type=\"widget\" data-widget_type=\"image.default\">\n\t\t\t\t<div class=\"elementor-widget-container\">\n\t\t\t\t\t\t\t\t\t\t\t\t\t\t\t<img decoding=\"async\" width=\"500\" height=\"500\" src=\"https:\/\/saulerius.ee\/wp-content\/uploads\/2025\/10\/analuus_optimeerimine.webp\" class=\"attachment-full size-full wp-image-2577\" alt=\"Hindame Teie projekti tehnilist teostatavust, tuvastame v\u00f5imalikud kitsaskohad ning pakume efektiivseid optimeerimisv\u00f5imalusi. Meie eesm\u00e4rk on suurendada s\u00fcsteemide efektiivsust, v\u00e4hendada kulusid ja tagada parim v\u00f5imalik tulemus. L\u00e4heneme igale projektile personaalselt, pakkudes kohandatud lahendusi, mis aitavad Teie ettev\u00f5ttel saavutada suuremat konkurentsieelist.\" srcset=\"https:\/\/saulerius.ee\/wp-content\/uploads\/2025\/10\/analuus_optimeerimine.webp 500w, https:\/\/saulerius.ee\/wp-content\/uploads\/2025\/10\/analuus_optimeerimine-300x300.webp 300w, https:\/\/saulerius.ee\/wp-content\/uploads\/2025\/10\/analuus_optimeerimine-150x150.webp 150w, https:\/\/saulerius.ee\/wp-content\/uploads\/2025\/10\/analuus_optimeerimine-12x12.webp 12w\" sizes=\"(max-width: 500px) 100vw, 500px\" \/>\t\t\t\t\t\t\t\t\t\t\t\t\t\t\t<\/div>\n\t\t\t\t<\/div>\n\t\t\t\t<div class=\"elementor-element elementor-element-5aaec097 elementor-widget elementor-widget-text-editor\" data-id=\"5aaec097\" data-element_type=\"widget\" data-e-type=\"widget\" data-widget_type=\"text-editor.default\">\n\t\t\t\t<div class=\"elementor-widget-container\">\n\t\t\t\t\t\t\t\t\t<h3><strong>Project analysis and optimization<\/strong><\/h3><p>We assess the technical feasibility of your project, identify potential bottlenecks and offer effective optimization options. Our goal is to increase system efficiency, reduce costs and ensure the best possible result. We approach each project personally, offering customized solutions that help your company achieve a greater competitive advantage.<\/p>\t\t\t\t\t\t\t\t<\/div>\n\t\t\t\t<\/div>\n\t\t\t\t\t<\/div>\n\t\t\t\t<\/div>\n\t\t<div class=\"elementor-element elementor-element-43411475 e-flex e-con-boxed e-con e-parent\" data-id=\"43411475\" data-element_type=\"container\" data-e-type=\"container\">\n\t\t\t\t\t<div class=\"e-con-inner\">\n\t\t\t\t<div class=\"elementor-element elementor-element-2336c32 elementor-widget elementor-widget-spacer\" data-id=\"2336c32\" data-element_type=\"widget\" data-e-type=\"widget\" data-widget_type=\"spacer.default\">\n\t\t\t\t<div class=\"elementor-widget-container\">\n\t\t\t\t\t\t\t<div class=\"elementor-spacer\">\n\t\t\t<div class=\"elementor-spacer-inner\"><\/div>\n\t\t<\/div>\n\t\t\t\t\t\t<\/div>\n\t\t\t\t<\/div>\n\t\t\t\t\t<\/div>\n\t\t\t\t<\/div>\n\t\t<div class=\"elementor-element elementor-element-97db802 e-grid e-con-boxed e-con e-parent\" data-id=\"97db802\" data-element_type=\"container\" data-e-type=\"container\">\n\t\t\t\t\t<div class=\"e-con-inner\">\n\t\t\t\t<div class=\"elementor-element elementor-element-15b22d9e elementor-widget elementor-widget-text-editor\" data-id=\"15b22d9e\" data-element_type=\"widget\" data-e-type=\"widget\" data-widget_type=\"text-editor.default\">\n\t\t\t\t<div class=\"elementor-widget-container\">\n\t\t\t\t\t\t\t\t\t<h3><strong>Technological innovation and development<\/strong><\/h3><p>We support you in implementing new technologies and developing innovative solutions. We help you assess new trends and their suitability for your company's needs to ensure technological competitive advantage and long-term sustainability.<\/p>\t\t\t\t\t\t\t\t<\/div>\n\t\t\t\t<\/div>\n\t\t\t\t<div class=\"elementor-element elementor-element-4475292e elementor-hidden-mobile elementor-widget elementor-widget-image\" data-id=\"4475292e\" data-element_type=\"widget\" data-e-type=\"widget\" data-widget_type=\"image.default\">\n\t\t\t\t<div class=\"elementor-widget-container\">\n\t\t\t\t\t\t\t\t\t\t\t\t\t\t\t<img decoding=\"async\" width=\"500\" height=\"500\" src=\"https:\/\/saulerius.ee\/wp-content\/uploads\/2025\/10\/tehnoloogiline_innovatsioon.webp\" class=\"attachment-full size-full wp-image-2576\" alt=\"Toetame Teid uute tehnoloogiate rakendamisel ja innovaatiliste lahenduste v\u00e4ljat\u00f6\u00f6tamisel. Aitame hinnata uusi trende ja nende sobivust Teie ettev\u00f5tte vajadustega, et tagada tehnoloogiline konkurentsieelis ja pikaajaline j\u00e4tkusuutlikkus.\" srcset=\"https:\/\/saulerius.ee\/wp-content\/uploads\/2025\/10\/tehnoloogiline_innovatsioon.webp 500w, https:\/\/saulerius.ee\/wp-content\/uploads\/2025\/10\/tehnoloogiline_innovatsioon-300x300.webp 300w, https:\/\/saulerius.ee\/wp-content\/uploads\/2025\/10\/tehnoloogiline_innovatsioon-150x150.webp 150w, https:\/\/saulerius.ee\/wp-content\/uploads\/2025\/10\/tehnoloogiline_innovatsioon-12x12.webp 12w\" sizes=\"(max-width: 500px) 100vw, 500px\" \/>\t\t\t\t\t\t\t\t\t\t\t\t\t\t\t<\/div>\n\t\t\t\t<\/div>\n\t\t\t\t\t<\/div>\n\t\t\t\t<\/div>\n\t\t<div class=\"elementor-element elementor-element-357f7cb3 e-flex e-con-boxed e-con e-parent\" data-id=\"357f7cb3\" data-element_type=\"container\" data-e-type=\"container\">\n\t\t\t\t\t<div class=\"e-con-inner\">\n\t\t\t\t<div class=\"elementor-element elementor-element-24a88daf elementor-widget-divider--view-line elementor-widget elementor-widget-divider\" data-id=\"24a88daf\" data-element_type=\"widget\" data-e-type=\"widget\" data-widget_type=\"divider.default\">\n\t\t\t\t<div class=\"elementor-widget-container\">\n\t\t\t\t\t\t\t<div class=\"elementor-divider\">\n\t\t\t<span class=\"elementor-divider-separator\">\n\t\t\t\t\t\t<\/span>\n\t\t<\/div>\n\t\t\t\t\t\t<\/div>\n\t\t\t\t<\/div>\n\t\t\t\t<div class=\"elementor-element elementor-element-6233e56b elementor-widget elementor-widget-heading\" data-id=\"6233e56b\" data-element_type=\"widget\" data-e-type=\"widget\" data-widget_type=\"heading.default\">\n\t\t\t\t<div class=\"elementor-widget-container\">\n\t\t\t\t\t<h2 class=\"elementor-heading-title elementor-size-default\"><a href=\"https:\/\/saulerius.ee\/en\/#kontakt\">If you would like more information, contact us!<\/a><\/h2>\t\t\t\t<\/div>\n\t\t\t\t<\/div>\n\t\t\t\t<div class=\"elementor-element elementor-element-7cbb4a2e elementor-widget elementor-widget-spacer\" data-id=\"7cbb4a2e\" data-element_type=\"widget\" data-e-type=\"widget\" data-widget_type=\"spacer.default\">\n\t\t\t\t<div class=\"elementor-widget-container\">\n\t\t\t\t\t\t\t<div class=\"elementor-spacer\">\n\t\t\t<div class=\"elementor-spacer-inner\"><\/div>\n\t\t<\/div>\n\t\t\t\t\t\t<\/div>\n\t\t\t\t<\/div>\n\t\t\t\t\t<\/div>\n\t\t\t\t<\/div>\n\t\t\t\t<\/div>","protected":false},"excerpt":{"rendered":"<p>TEHNILINE N\u00d5USTAMINE Ekspertn\u00f5u ning konsultatsioonid Pakume professionaalset tehnilist n\u00f5ustamist laserskaneerimise ning andmete j\u00e4relt\u00f6\u00f6tluse valdkondades, aidates teil teha teadlikke ja optimaalseid otsuseid. Anal\u00fc\u00fcsime Teie vajadusi, pakume praktilisi lahendusi ning toetame Teid igas projekti etapis.\u00a0 Projektide anal\u00fc\u00fcs ning optimeerimine Hindame Teie projekti tehnilist teostatavust, tuvastame v\u00f5imalikud kitsaskohad ning pakume efektiivseid optimeerimisv\u00f5imalusi. Meie eesm\u00e4rk on suurendada s\u00fcsteemide efektiivsust, [&hellip;]<\/p>\n","protected":false},"author":2,"featured_media":0,"parent":0,"menu_order":0,"comment_status":"closed","ping_status":"closed","template":"","meta":{"footnotes":""},"class_list":["post-1186","page","type-page","status-publish","hentry"],"blocksy_meta":[],"_links":{"self":[{"href":"https:\/\/saulerius.ee\/en\/wp-json\/wp\/v2\/pages\/1186","targetHints":{"allow":["GET"]}}],"collection":[{"href":"https:\/\/saulerius.ee\/en\/wp-json\/wp\/v2\/pages"}],"about":[{"href":"https:\/\/saulerius.ee\/en\/wp-json\/wp\/v2\/types\/page"}],"author":[{"embeddable":true,"href":"https:\/\/saulerius.ee\/en\/wp-json\/wp\/v2\/users\/2"}],"replies":[{"embeddable":true,"href":"https:\/\/saulerius.ee\/en\/wp-json\/wp\/v2\/comments?post=1186"}],"version-history":[{"count":104,"href":"https:\/\/saulerius.ee\/en\/wp-json\/wp\/v2\/pages\/1186\/revisions"}],"predecessor-version":[{"id":2580,"href":"https:\/\/saulerius.ee\/en\/wp-json\/wp\/v2\/pages\/1186\/revisions\/2580"}],"wp:attachment":[{"href":"https:\/\/saulerius.ee\/en\/wp-json\/wp\/v2\/media?parent=1186"}],"curies":[{"name":"wp","href":"https:\/\/api.w.org\/{rel}","templated":true}]}}